{"id":8,"date":"2022-09-27T14:28:59","date_gmt":"2022-09-27T12:28:59","guid":{"rendered":"https:\/\/www.nkvi6287.odns.fr\/?page_id=8"},"modified":"2025-08-10T12:09:42","modified_gmt":"2025-08-10T10:09:42","slug":"accueil","status":"publish","type":"page","link":"https:\/\/www.therapiereve.fr\/","title":{"rendered":"Bienvenue sur Th\u00e9rapie R\u00eave"},"content":{"rendered":"\n<div class=\"wp-block-group is-vertical is-layout-flex wp-container-core-group-is-layout-8cf370e7 wp-block-group-is-layout-flex\">\n<p class=\"has-medium-font-size\" id=\"page\">Psychanalyste et oniroth\u00e9rapeute, je suis sp\u00e9cialis\u00e9 dans l\u2019interpr\u00e9tation des r\u00eaves \u00e0 vis\u00e9e th\u00e9rapeutique. Je propose des consultations \u00e0 distance (visioconf\u00e9rence ou t\u00e9l\u00e9phone) dans un cadre professionnel, confidentiel et structur\u00e9.<\/p>\n<\/div>\n\n\n\n<p><\/p>\n\n\n\n<p><\/p>\n\n\n\n<p><\/p>\n\n\n\n<p><\/p>\n\n\n\n<p><\/p>\n\n\n\n<p><\/p>\n\n\n\n<p><\/p>\n","protected":false},"excerpt":{"rendered":"<p>Psychanalyste et oniroth\u00e9rapeute, je suis sp\u00e9cialis\u00e9 dans l\u2019interpr\u00e9tation des r\u00eaves \u00e0 vis\u00e9e th\u00e9rapeutique. Je propose des consultations \u00e0 distance (visioconf\u00e9rence ou t\u00e9l\u00e9phone) dans un cadre professionnel, confidentiel et structur\u00e9.<\/p>\n","protected":false},"author":1,"featured_media":0,"parent":0,"menu_order":0,"comment_status":"closed","ping_status":"closed","template":"","meta":{"footnotes":""},"class_list":["post-8","page","type-page","status-publish","hentry"],"yoast_head":"<!-- This site is optimized with the Yoast SEO plugin v24.4 - https:\/\/yoast.com\/wordpress\/plugins\/seo\/ -->\n<title>Psychanalyste - Consultations en ligne<\/title>\n<meta name=\"description\" content=\"D\u00e9couvrez le sens cach\u00e9 de vos r\u00eaves avec un psychanalyste sp\u00e9cialis\u00e9. Suivi personnalis\u00e9 ou interpr\u00e9tation d&#039;un r\u00eave sp\u00e9cifique. Questions fr\u00e9quentes : Besoin d&#039;aide pour interpr\u00e9ter mes r\u00eaves Je fais toujours le m\u00eame r\u00eave, pourquoi ? Cauchemars, comment les comprendre ? Anxi\u00e9t\u00e9 et r\u00eaves : quelle relation ? Comment utiliser mes r\u00eaves pour me conna\u00eetre ? Difficult\u00e9 \u00e0 comprendre mes r\u00eaves R\u00eaves pr\u00e9monitoires : est-ce possible ? Perte de sens dans mes r\u00eaves. Relation avec le stress, l&#039;anxi\u00e9t\u00e9 la d\u00e9pression, les phobies, les insomnies, un mal \u00eatre g\u00e9n\u00e9ral.\" \/>\n<meta name=\"robots\" content=\"index, follow, max-snippet:-1, max-image-preview:large, max-video-preview:-1\" \/>\n<link rel=\"canonical\" href=\"https:\/\/www.therapiereve.fr\/\" \/>\n<meta property=\"og:locale\" content=\"fr_FR\" \/>\n<meta property=\"og:type\" content=\"article\" \/>\n<meta property=\"og:title\" content=\"Psychanalyste - Consultations en ligne\" \/>\n<meta property=\"og:description\" content=\"D\u00e9couvrez le sens cach\u00e9 de vos r\u00eaves avec un psychanalyste sp\u00e9cialis\u00e9. Suivi personnalis\u00e9 ou interpr\u00e9tation d&#039;un r\u00eave sp\u00e9cifique. Questions fr\u00e9quentes : Besoin d&#039;aide pour interpr\u00e9ter mes r\u00eaves Je fais toujours le m\u00eame r\u00eave, pourquoi ? Cauchemars, comment les comprendre ? Anxi\u00e9t\u00e9 et r\u00eaves : quelle relation ? Comment utiliser mes r\u00eaves pour me conna\u00eetre ? Difficult\u00e9 \u00e0 comprendre mes r\u00eaves R\u00eaves pr\u00e9monitoires : est-ce possible ? Perte de sens dans mes r\u00eaves. Relation avec le stress, l&#039;anxi\u00e9t\u00e9 la d\u00e9pression, les phobies, les insomnies, un mal \u00eatre g\u00e9n\u00e9ral.\" \/>\n<meta property=\"og:url\" content=\"https:\/\/www.therapiereve.fr\/\" \/>\n<meta property=\"og:site_name\" content=\"Th\u00e9rapie R\u00eave\" \/>\n<meta property=\"article:modified_time\" content=\"2025-08-10T10:09:42+00:00\" \/>\n<meta property=\"og:image\" content=\"https:\/\/www.therapiereve.fr\/wp-content\/uploads\/2024\/06\/cropped-cropped-Sans-titre.png\" \/>\n\t<meta property=\"og:image:width\" content=\"512\" \/>\n\t<meta property=\"og:image:height\" content=\"512\" \/>\n\t<meta property=\"og:image:type\" content=\"image\/png\" \/>\n<meta name=\"twitter:card\" content=\"summary_large_image\" \/>\n<meta name=\"twitter:label1\" content=\"Dur\u00e9e de lecture estim\u00e9e\" \/>\n\t<meta name=\"twitter:data1\" content=\"1 minute\" \/>\n<script type=\"application\/ld+json\" class=\"yoast-schema-graph\">{\"@context\":\"https:\/\/schema.org\",\"@graph\":[{\"@type\":\"WebPage\",\"@id\":\"https:\/\/www.therapiereve.fr\/\",\"url\":\"https:\/\/www.therapiereve.fr\/\",\"name\":\"Psychanalyste - Consultations en ligne\",\"isPartOf\":{\"@id\":\"https:\/\/www.therapiereve.fr\/#website\"},\"datePublished\":\"2022-09-27T12:28:59+00:00\",\"dateModified\":\"2025-08-10T10:09:42+00:00\",\"description\":\"D\u00e9couvrez le sens cach\u00e9 de vos r\u00eaves avec un psychanalyste sp\u00e9cialis\u00e9. Suivi personnalis\u00e9 ou interpr\u00e9tation d'un r\u00eave sp\u00e9cifique. Questions fr\u00e9quentes : Besoin d'aide pour interpr\u00e9ter mes r\u00eaves Je fais toujours le m\u00eame r\u00eave, pourquoi ? Cauchemars, comment les comprendre ? Anxi\u00e9t\u00e9 et r\u00eaves : quelle relation ? Comment utiliser mes r\u00eaves pour me conna\u00eetre ? Difficult\u00e9 \u00e0 comprendre mes r\u00eaves R\u00eaves pr\u00e9monitoires : est-ce possible ? Perte de sens dans mes r\u00eaves. Relation avec le stress, l'anxi\u00e9t\u00e9 la d\u00e9pression, les phobies, les insomnies, un mal \u00eatre g\u00e9n\u00e9ral.\",\"breadcrumb\":{\"@id\":\"https:\/\/www.therapiereve.fr\/#breadcrumb\"},\"inLanguage\":\"fr-FR\",\"potentialAction\":[{\"@type\":\"ReadAction\",\"target\":[\"https:\/\/www.therapiereve.fr\/\"]}]},{\"@type\":\"BreadcrumbList\",\"@id\":\"https:\/\/www.therapiereve.fr\/#breadcrumb\",\"itemListElement\":[{\"@type\":\"ListItem\",\"position\":1,\"name\":\"Accueil\",\"item\":\"https:\/\/www.therapiereve.fr\/\"},{\"@type\":\"ListItem\",\"position\":2,\"name\":\"Bienvenue sur Th\u00e9rapie R\u00eave\"}]},{\"@type\":\"WebSite\",\"@id\":\"https:\/\/www.therapiereve.fr\/#website\",\"url\":\"https:\/\/www.therapiereve.fr\/\",\"name\":\"Th\u00e9rapie R\u00eave\",\"description\":\"D\u00e9codez vos r\u00eaves pour comprendre vos \u00e9motions et avancer\",\"publisher\":{\"@id\":\"https:\/\/www.therapiereve.fr\/#organization\"},\"potentialAction\":[{\"@type\":\"SearchAction\",\"target\":{\"@type\":\"EntryPoint\",\"urlTemplate\":\"https:\/\/www.therapiereve.fr\/?s={search_term_string}\"},\"query-input\":{\"@type\":\"PropertyValueSpecification\",\"valueRequired\":true,\"valueName\":\"search_term_string\"}}],\"inLanguage\":\"fr-FR\"},{\"@type\":\"Organization\",\"@id\":\"https:\/\/www.therapiereve.fr\/#organization\",\"name\":\"Th\u00e9rapie R\u00eave\",\"url\":\"https:\/\/www.therapiereve.fr\/\",\"logo\":{\"@type\":\"ImageObject\",\"inLanguage\":\"fr-FR\",\"@id\":\"https:\/\/www.therapiereve.fr\/#\/schema\/logo\/image\/\",\"url\":\"https:\/\/www.therapiereve.fr\/wp-content\/uploads\/2024\/06\/cropped-Sans-titre.png\",\"contentUrl\":\"https:\/\/www.therapiereve.fr\/wp-content\/uploads\/2024\/06\/cropped-Sans-titre.png\",\"width\":250,\"height\":250,\"caption\":\"Th\u00e9rapie R\u00eave\"},\"image\":{\"@id\":\"https:\/\/www.therapiereve.fr\/#\/schema\/logo\/image\/\"}}]}<\/script>\n<!-- \/ Yoast SEO plugin. -->","yoast_head_json":{"title":"Psychanalyste - Consultations en ligne","description":"D\u00e9couvrez le sens cach\u00e9 de vos r\u00eaves avec un psychanalyste sp\u00e9cialis\u00e9. Suivi personnalis\u00e9 ou interpr\u00e9tation d'un r\u00eave sp\u00e9cifique. Questions fr\u00e9quentes : Besoin d'aide pour interpr\u00e9ter mes r\u00eaves Je fais toujours le m\u00eame r\u00eave, pourquoi ? Cauchemars, comment les comprendre ? Anxi\u00e9t\u00e9 et r\u00eaves : quelle relation ? Comment utiliser mes r\u00eaves pour me conna\u00eetre ? Difficult\u00e9 \u00e0 comprendre mes r\u00eaves R\u00eaves pr\u00e9monitoires : est-ce possible ? Perte de sens dans mes r\u00eaves. Relation avec le stress, l'anxi\u00e9t\u00e9 la d\u00e9pression, les phobies, les insomnies, un mal \u00eatre g\u00e9n\u00e9ral.","robots":{"index":"index","follow":"follow","max-snippet":"max-snippet:-1","max-image-preview":"max-image-preview:large","max-video-preview":"max-video-preview:-1"},"canonical":"https:\/\/www.therapiereve.fr\/","og_locale":"fr_FR","og_type":"article","og_title":"Psychanalyste - Consultations en ligne","og_description":"D\u00e9couvrez le sens cach\u00e9 de vos r\u00eaves avec un psychanalyste sp\u00e9cialis\u00e9. Suivi personnalis\u00e9 ou interpr\u00e9tation d'un r\u00eave sp\u00e9cifique. Questions fr\u00e9quentes : Besoin d'aide pour interpr\u00e9ter mes r\u00eaves Je fais toujours le m\u00eame r\u00eave, pourquoi ? Cauchemars, comment les comprendre ? Anxi\u00e9t\u00e9 et r\u00eaves : quelle relation ? Comment utiliser mes r\u00eaves pour me conna\u00eetre ? Difficult\u00e9 \u00e0 comprendre mes r\u00eaves R\u00eaves pr\u00e9monitoires : est-ce possible ? Perte de sens dans mes r\u00eaves. Relation avec le stress, l'anxi\u00e9t\u00e9 la d\u00e9pression, les phobies, les insomnies, un mal \u00eatre g\u00e9n\u00e9ral.","og_url":"https:\/\/www.therapiereve.fr\/","og_site_name":"Th\u00e9rapie R\u00eave","article_modified_time":"2025-08-10T10:09:42+00:00","og_image":[{"width":512,"height":512,"url":"https:\/\/www.therapiereve.fr\/wp-content\/uploads\/2024\/06\/cropped-cropped-Sans-titre.png","type":"image\/png"}],"twitter_card":"summary_large_image","twitter_misc":{"Dur\u00e9e de lecture estim\u00e9e":"1 minute"},"schema":{"@context":"https:\/\/schema.org","@graph":[{"@type":"WebPage","@id":"https:\/\/www.therapiereve.fr\/","url":"https:\/\/www.therapiereve.fr\/","name":"Psychanalyste - Consultations en ligne","isPartOf":{"@id":"https:\/\/www.therapiereve.fr\/#website"},"datePublished":"2022-09-27T12:28:59+00:00","dateModified":"2025-08-10T10:09:42+00:00","description":"D\u00e9couvrez le sens cach\u00e9 de vos r\u00eaves avec un psychanalyste sp\u00e9cialis\u00e9. Suivi personnalis\u00e9 ou interpr\u00e9tation d'un r\u00eave sp\u00e9cifique. Questions fr\u00e9quentes : Besoin d'aide pour interpr\u00e9ter mes r\u00eaves Je fais toujours le m\u00eame r\u00eave, pourquoi ? Cauchemars, comment les comprendre ? Anxi\u00e9t\u00e9 et r\u00eaves : quelle relation ? Comment utiliser mes r\u00eaves pour me conna\u00eetre ? Difficult\u00e9 \u00e0 comprendre mes r\u00eaves R\u00eaves pr\u00e9monitoires : est-ce possible ? Perte de sens dans mes r\u00eaves. Relation avec le stress, l'anxi\u00e9t\u00e9 la d\u00e9pression, les phobies, les insomnies, un mal \u00eatre g\u00e9n\u00e9ral.","breadcrumb":{"@id":"https:\/\/www.therapiereve.fr\/#breadcrumb"},"inLanguage":"fr-FR","potentialAction":[{"@type":"ReadAction","target":["https:\/\/www.therapiereve.fr\/"]}]},{"@type":"BreadcrumbList","@id":"https:\/\/www.therapiereve.fr\/#breadcrumb","itemListElement":[{"@type":"ListItem","position":1,"name":"Accueil","item":"https:\/\/www.therapiereve.fr\/"},{"@type":"ListItem","position":2,"name":"Bienvenue sur Th\u00e9rapie R\u00eave"}]},{"@type":"WebSite","@id":"https:\/\/www.therapiereve.fr\/#website","url":"https:\/\/www.therapiereve.fr\/","name":"Th\u00e9rapie R\u00eave","description":"D\u00e9codez vos r\u00eaves pour comprendre vos \u00e9motions et avancer","publisher":{"@id":"https:\/\/www.therapiereve.fr\/#organization"},"potentialAction":[{"@type":"SearchAction","target":{"@type":"EntryPoint","urlTemplate":"https:\/\/www.therapiereve.fr\/?s={search_term_string}"},"query-input":{"@type":"PropertyValueSpecification","valueRequired":true,"valueName":"search_term_string"}}],"inLanguage":"fr-FR"},{"@type":"Organization","@id":"https:\/\/www.therapiereve.fr\/#organization","name":"Th\u00e9rapie R\u00eave","url":"https:\/\/www.therapiereve.fr\/","logo":{"@type":"ImageObject","inLanguage":"fr-FR","@id":"https:\/\/www.therapiereve.fr\/#\/schema\/logo\/image\/","url":"https:\/\/www.therapiereve.fr\/wp-content\/uploads\/2024\/06\/cropped-Sans-titre.png","contentUrl":"https:\/\/www.therapiereve.fr\/wp-content\/uploads\/2024\/06\/cropped-Sans-titre.png","width":250,"height":250,"caption":"Th\u00e9rapie R\u00eave"},"image":{"@id":"https:\/\/www.therapiereve.fr\/#\/schema\/logo\/image\/"}}]}},"_links":{"self":[{"href":"https:\/\/www.therapiereve.fr\/index.php?rest_route=\/wp\/v2\/pages\/8","targetHints":{"allow":["GET"]}}],"collection":[{"href":"https:\/\/www.therapiereve.fr\/index.php?rest_route=\/wp\/v2\/pages"}],"about":[{"href":"https:\/\/www.therapiereve.fr\/index.php?rest_route=\/wp\/v2\/types\/page"}],"author":[{"embeddable":true,"href":"https:\/\/www.therapiereve.fr\/index.php?rest_route=\/wp\/v2\/users\/1"}],"replies":[{"embeddable":true,"href":"https:\/\/www.therapiereve.fr\/index.php?rest_route=%2Fwp%2Fv2%2Fcomments&post=8"}],"version-history":[{"count":33,"href":"https:\/\/www.therapiereve.fr\/index.php?rest_route=\/wp\/v2\/pages\/8\/revisions"}],"predecessor-version":[{"id":328,"href":"https:\/\/www.therapiereve.fr\/index.php?rest_route=\/wp\/v2\/pages\/8\/revisions\/328"}],"wp:attachment":[{"href":"https:\/\/www.therapiereve.fr\/index.php?rest_route=%2Fwp%2Fv2%2Fmedia&parent=8"}],"curies":[{"name":"wp","href":"https:\/\/api.w.org\/{rel}","templated":true}]}}